{"id":10,"date":"2013-11-08T00:27:11","date_gmt":"2013-11-08T00:27:11","guid":{"rendered":"http:\/\/www.touspourlasyrie.fr\/?page_id=10"},"modified":"2016-08-08T10:24:51","modified_gmt":"2016-08-08T08:24:51","slug":"association","status":"publish","type":"page","link":"https:\/\/www.touspourlasyrie.fr\/?page_id=10","title":{"rendered":"L&rsquo;association"},"content":{"rendered":"<p><strong>Tous pour la Syrie<\/strong> est une association loi 1901 bas\u00e9e \u00e0 Rennes, constitu\u00e9e en 2012 et dont les buts sont :<\/p>\n<ul>\n<li>d&rsquo;apporter une aide humanitaire et m\u00e9dicale gratuite \u00e0 la population syrienne \u00e0 l&rsquo;int\u00e9rieur ou \u00e0 l&rsquo;ext\u00e9rieur de la Syrie ;<\/li>\n<li>de d\u00e9velopper l&rsquo;amiti\u00e9 et la solidarit\u00e9 entre le peuple fran\u00e7ais et le peuple syrien.<\/li>\n<\/ul>\n<p>Vous pouvez consulter les <a title=\"Statuts\" href=\"http:\/\/www.touspourlasyrie.fr\/association\/statuts\/\">statuts de l&rsquo;association<\/a> ainsi que son <a title=\"R\u00e8glement int\u00e9rieur\" href=\"http:\/\/www.touspourlasyrie.fr\/association\/reglement-interieur\/\">r\u00e8glement int\u00e9rieur<\/a> qui d\u00e9taille le fonctionnement interne de l&rsquo;association.<\/p>\n<p>Vous pouvez soutenir l&rsquo;association en :<\/p>\n<ul>\n<li>devenant <a title=\"adh\u00e9rer \u00e0 TPLS\" href=\"http:\/\/www.touspourlasyrie.fr\/association\/adherer\/\">membre<\/a><\/li>\n<li>faisant un <a title=\"Faire un don\" href=\"http:\/\/www.touspourlasyrie.fr\/faire-un-don\/\">don<\/a> (d\u00e9fiscalisation possible)<\/li>\n<li>prenant <a title=\"Contact\" href=\"http:\/\/www.touspourlasyrie.fr\/contact\/\">contact<\/a> avec nous pour faire connaissance, d\u00e9velopper un partenariat, etc.<\/li>\n<\/ul>\n<p><strong>Everyone for Syria\u00a0<\/strong> is an organisation based in Rennes, France that was founded in 2012. Our aims are:<\/p>\n<ul>\n<li>To provide free humanitarian and medical aid to Syrians outside and inside of Syria<\/li>\n<li>To develop friendship, understanding and solidarity between French and Syrian people.<\/li>\n<\/ul>\n<p>You can consult the <a href=\"http:\/\/www.touspourlasyrie.fr\/association\/statuts\/\">status of the association<\/a> as well as its\u00a0<a title=\"R\u00e8glement int\u00e9rieur\" href=\"http:\/\/www.touspourlasyrie.fr\/association\/reglement-interieur\/\">r\u00e8glement int\u00e9rieur<\/a>\u00a0for more information about how the charity is set up.<\/p>\n<p>You can support us by:<\/p>\n<ul>\n<li>Becoming a member<\/li>\n<li>Giving a donation<\/li>\n<li>Contacting us to find out more, propose a partnership etc.<\/li>\n<\/ul>\n","protected":false},"excerpt":{"rendered":"<p>Tous pour la Syrie est une association loi 1901 bas\u00e9e \u00e0 Rennes, constitu\u00e9e en 2012 et dont les buts sont : d&rsquo;apporter une aide humanitaire et m\u00e9dicale gratuite \u00e0 la &#8230;<\/p>\n","protected":false},"author":1,"featured_media":0,"parent":0,"menu_order":0,"comment_status":"closed","ping_status":"open","template":"","meta":{"footnotes":""},"class_list":["post-10","page","type-page","status-publish","hentry"],"_links":{"self":[{"href":"https:\/\/www.touspourlasyrie.fr\/index.php?rest_route=\/wp\/v2\/pages\/10","targetHints":{"allow":["GET"]}}],"collection":[{"href":"https:\/\/www.touspourlasyrie.fr\/index.php?rest_route=\/wp\/v2\/pages"}],"about":[{"href":"https:\/\/www.touspourlasyrie.fr\/index.php?rest_route=\/wp\/v2\/types\/page"}],"author":[{"embeddable":true,"href":"https:\/\/www.touspourlasyrie.fr\/index.php?rest_route=\/wp\/v2\/users\/1"}],"replies":[{"embeddable":true,"href":"https:\/\/www.touspourlasyrie.fr\/index.php?rest_route=%2Fwp%2Fv2%2Fcomments&post=10"}],"version-history":[{"count":6,"href":"https:\/\/www.touspourlasyrie.fr\/index.php?rest_route=\/wp\/v2\/pages\/10\/revisions"}],"predecessor-version":[{"id":802,"href":"https:\/\/www.touspourlasyrie.fr\/index.php?rest_route=\/wp\/v2\/pages\/10\/revisions\/802"}],"wp:attachment":[{"href":"https:\/\/www.touspourlasyrie.fr\/index.php?rest_route=%2Fwp%2Fv2%2Fmedia&parent=10"}],"curies":[{"name":"wp","href":"https:\/\/api.w.org\/{rel}","templated":true}]}}