{"id":118,"date":"2013-12-24T18:09:41","date_gmt":"2013-12-24T17:09:41","guid":{"rendered":"http:\/\/www.touspourlasyrie.fr\/?page_id=118"},"modified":"2024-07-16T23:04:47","modified_gmt":"2024-07-16T21:04:47","slug":"bureau","status":"publish","type":"page","link":"https:\/\/www.touspourlasyrie.fr\/?page_id=118","title":{"rendered":"Bureau"},"content":{"rendered":"<p>Le <strong>bureau<\/strong> actuel est constitu\u00e9 de :<\/p>\n<ul>\n<li>Ronan Lucas : pr\u00e9sident<\/li>\n<li>Annie Ballanec : vice-pr\u00e9sidente<\/li>\n<li>Yahia Chamali : tr\u00e9sorier<\/li>\n<li>Annette Sabouraud : secr\u00e9taire<\/li>\n<\/ul>\n<p>Mais c&rsquo;est l&rsquo;ensemble du <strong>conseil d&rsquo;administration<\/strong> qui prend les d\u00e9cisions et m\u00e8ne les actions dans une ambiance dynamique et souriante ! Les r\u00e9unions du CA sont ouvertes \u00e0 tou\u00b7tes les membres.<\/p>\n","protected":false},"excerpt":{"rendered":"<p>Le bureau actuel est constitu\u00e9 de : Ronan Lucas : pr\u00e9sident Annie Ballanec : vice-pr\u00e9sidente Yahia Chamali : tr\u00e9sorier Annette Sabouraud : secr\u00e9taire Mais c&rsquo;est l&rsquo;ensemble du conseil d&rsquo;administration qui &#8230;<\/p>\n","protected":false},"author":1,"featured_media":8,"parent":10,"menu_order":3,"comment_status":"closed","ping_status":"open","template":"","meta":{"footnotes":""},"class_list":["post-118","page","type-page","status-publish","has-post-thumbnail","hentry"],"_links":{"self":[{"href":"https:\/\/www.touspourlasyrie.fr\/index.php?rest_route=\/wp\/v2\/pages\/118","targetHints":{"allow":["GET"]}}],"collection":[{"href":"https:\/\/www.touspourlasyrie.fr\/index.php?rest_route=\/wp\/v2\/pages"}],"about":[{"href":"https:\/\/www.touspourlasyrie.fr\/index.php?rest_route=\/wp\/v2\/types\/page"}],"author":[{"embeddable":true,"href":"https:\/\/www.touspourlasyrie.fr\/index.php?rest_route=\/wp\/v2\/users\/1"}],"replies":[{"embeddable":true,"href":"https:\/\/www.touspourlasyrie.fr\/index.php?rest_route=%2Fwp%2Fv2%2Fcomments&post=118"}],"version-history":[{"count":11,"href":"https:\/\/www.touspourlasyrie.fr\/index.php?rest_route=\/wp\/v2\/pages\/118\/revisions"}],"predecessor-version":[{"id":3282,"href":"https:\/\/www.touspourlasyrie.fr\/index.php?rest_route=\/wp\/v2\/pages\/118\/revisions\/3282"}],"up":[{"embeddable":true,"href":"https:\/\/www.touspourlasyrie.fr\/index.php?rest_route=\/wp\/v2\/pages\/10"}],"wp:featuredmedia":[{"embeddable":true,"href":"https:\/\/www.touspourlasyrie.fr\/index.php?rest_route=\/wp\/v2\/media\/8"}],"wp:attachment":[{"href":"https:\/\/www.touspourlasyrie.fr\/index.php?rest_route=%2Fwp%2Fv2%2Fmedia&parent=118"}],"curies":[{"name":"wp","href":"https:\/\/api.w.org\/{rel}","templated":true}]}}