{"id":121,"date":"2014-01-14T14:04:27","date_gmt":"2014-01-14T13:04:27","guid":{"rendered":"http:\/\/www.touspourlasyrie.fr\/?page_id=121"},"modified":"2020-02-19T23:36:31","modified_gmt":"2020-02-19T22:36:31","slug":"actions","status":"publish","type":"page","link":"https:\/\/www.touspourlasyrie.fr\/?page_id=121","title":{"rendered":"Actions"},"content":{"rendered":"<p>Retrouvez dans cette rubrique les actions, r\u00e9currentes ou ponctuelles, que nous menons dans le cadre de nos activit\u00e9s de communication et de soutien au peuple syrien.<\/p>\n\n\n<p><strong>Des actions humanitaires : <\/strong>mener des projets de d\u00e9veloppement ou de secours au profit de la population syrienne victime de la guerre en Syrie ou dans les pays voisins.<\/p>\n\n\n<p><strong>Des cours de fran\u00e7ais :<\/strong> dispenser des cours de fran\u00e7ais pour tous les r\u00e9fugi\u00e9s en coop\u00e9ration avec d\u2019autres structures locales. Proposer des cours d\u2019\u00e9changes linguistiques (arabe\/fran\u00e7ais) entre les membres de l\u2019association souhaitant apprendre l\u2019arabe et les r\u00e9fugi\u00e9s qui apprennent le fran\u00e7ais.<\/p>\n\n\n<p><p><strong>Du soutien scolaire :<\/strong> donner un coup de mains aux enfants des r\u00e9fugi\u00e9s en leur donnant une aide aux devoirs et en particulier le fran\u00e7ais afin de rattraper le d\u00e9calage scolaire par rapport au programme de l\u2019\u00e9cole fran\u00e7aise.<\/p>\n\n<p>Pour nous soutenir, vous pouvez :<\/p>\n<ul>\n<li>communiquer sur nos actions via les r\u00e9seaux sociaux ou tout autre moyen de communication<\/li>\n<li><a title=\"faire un don\" href=\"http:\/\/www.touspourlasyrie.fr\/faire-un-don\/\">faire un don<\/a> pour financer le chargement et l&rsquo;exp\u00e9dition de containers humanitaires<\/li>\n<li><a title=\"nous contacter\" href=\"http:\/\/www.touspourlasyrie.fr\/contact\/\">nous contacter<\/a> pour devenir membre ou tout simplement partager vos id\u00e9es ou vos encouragements !<\/li>\n<\/ul>\n<p><a href=\"http:\/\/www.touspourlasyrie.fr\/wp-content\/uploads\/2013\/11\/hiver_syrien_2013.jpg\"><img loading=\"lazy\" decoding=\"async\" src=\"http:\/\/www.touspourlasyrie.fr\/wp-content\/uploads\/2013\/11\/hiver_syrien_2013.jpg\" alt=\"actions hiver syrien 2013-2014\" width=\"822\" height=\"108\"><\/a><\/p><\/p>\n\n\n<p><strong>Des actions d\u2019accompagnement :<\/strong> accompagner les r\u00e9fugi\u00e9s et demandeurs d\u2019asile Syriens dans leurs d\u00e9marches administratives en France. Dans la mesure du possible aider les r\u00e9fugi\u00e9s non pris en charge par l\u2019association Coallia dans l\u2019h\u00e9bergement.<\/p>\n\n\n<p><p><strong>Des cours de fran\u00e7ais :<\/strong> dispenser des cours de fran\u00e7ais pour tous les r\u00e9fugi\u00e9s en coop\u00e9ration avec d\u2019autres structures locales. Proposer des cours d\u2019\u00e9changes linguistiques (arabe\/fran\u00e7ais) entre les membres de l\u2019association souhaitant apprendre l\u2019arabe et les r\u00e9fugi\u00e9s qui apprennent le fran\u00e7ais.<\/p>\n\n<p><strong>Du soutien scolaire :<\/strong> donner un coup de mains aux enfants des r\u00e9fugi\u00e9s en leur donnant une aide aux devoirs et en particulier le fran\u00e7ais afin de rattraper le d\u00e9calage scolaire par rapport au programme de l\u2019\u00e9cole fran\u00e7aise.<\/p>\n\n<p><strong>Des actions \u00e9v\u00e8nementielles :<\/strong> Pr\u00e9parer des \u00e9v\u00e8nements culturels autour de la question syrienne \u00e0 destination des rennais (la logistique des conf\u00e9rences, manifestations, stand d\u2019animation). Faire participer les r\u00e9fugi\u00e9s \u00e0 ces \u00e9v\u00e8nements pour faciliter leur int\u00e9gration. Proposer des activit\u00e9s de loisirs \u00e0 destination des familles r\u00e9fugi\u00e9es afin de faire oublier aux enfants le cauchemar de l\u2019asile et pour faire d\u00e9couvrir aux adultes leur nouvel environnement.<\/p>\n\n<p>Pour nous soutenir, vous pouvez :<\/p>\n<ul>\n<li>communiquer sur nos actions via les r\u00e9seaux sociaux ou tout autre moyen de communication<\/li>\n<li><a title=\"faire un don\" href=\"http:\/\/www.touspourlasyrie.fr\/faire-un-don\/\">faire un don<\/a> pour financer le chargement et l&rsquo;exp\u00e9dition de containers humanitaires<\/li>\n<li><a title=\"nous contacter\" href=\"http:\/\/www.touspourlasyrie.fr\/contact\/\">nous contacter<\/a> pour devenir membre ou tout simplement partager vos id\u00e9es ou vos encouragements !<\/li>\n<\/ul>\n<p><a href=\"http:\/\/www.touspourlasyrie.fr\/wp-content\/uploads\/2013\/11\/hiver_syrien_2013.jpg\"><img loading=\"lazy\" decoding=\"async\" src=\"http:\/\/www.touspourlasyrie.fr\/wp-content\/uploads\/2013\/11\/hiver_syrien_2013.jpg\" alt=\"actions hiver syrien 2013-2014\" width=\"822\" height=\"108\"><\/a><\/p><\/p>\n","protected":false},"excerpt":{"rendered":"<p>Retrouvez dans cette rubrique les actions, r\u00e9currentes ou ponctuelles, que nous menons dans le cadre de nos activit\u00e9s de communication et de soutien au peuple syrien. Des actions humanitaires : &#8230;<\/p>\n","protected":false},"author":1,"featured_media":116,"parent":0,"menu_order":3,"comment_status":"closed","ping_status":"open","template":"","meta":{"footnotes":""},"class_list":["post-121","page","type-page","status-publish","has-post-thumbnail","hentry"],"_links":{"self":[{"href":"https:\/\/www.touspourlasyrie.fr\/index.php?rest_route=\/wp\/v2\/pages\/121","targetHints":{"allow":["GET"]}}],"collection":[{"href":"https:\/\/www.touspourlasyrie.fr\/index.php?rest_route=\/wp\/v2\/pages"}],"about":[{"href":"https:\/\/www.touspourlasyrie.fr\/index.php?rest_route=\/wp\/v2\/types\/page"}],"author":[{"embeddable":true,"href":"https:\/\/www.touspourlasyrie.fr\/index.php?rest_route=\/wp\/v2\/users\/1"}],"replies":[{"embeddable":true,"href":"https:\/\/www.touspourlasyrie.fr\/index.php?rest_route=%2Fwp%2Fv2%2Fcomments&post=121"}],"version-history":[{"count":8,"href":"https:\/\/www.touspourlasyrie.fr\/index.php?rest_route=\/wp\/v2\/pages\/121\/revisions"}],"predecessor-version":[{"id":2282,"href":"https:\/\/www.touspourlasyrie.fr\/index.php?rest_route=\/wp\/v2\/pages\/121\/revisions\/2282"}],"wp:featuredmedia":[{"embeddable":true,"href":"https:\/\/www.touspourlasyrie.fr\/index.php?rest_route=\/wp\/v2\/media\/116"}],"wp:attachment":[{"href":"https:\/\/www.touspourlasyrie.fr\/index.php?rest_route=%2Fwp%2Fv2%2Fmedia&parent=121"}],"curies":[{"name":"wp","href":"https:\/\/api.w.org\/{rel}","templated":true}]}}