{"id":272,"date":"2014-06-25T20:24:53","date_gmt":"2014-06-25T19:24:53","guid":{"rendered":"http:\/\/www.touspourlasyrie.fr\/?page_id=272"},"modified":"2019-09-18T13:56:47","modified_gmt":"2019-09-18T11:56:47","slug":"adherer","status":"publish","type":"page","link":"https:\/\/www.touspourlasyrie.fr\/?page_id=272","title":{"rendered":"Adh\u00e9rer"},"content":{"rendered":"<h2>Pourquoi adh\u00e9rer ?<\/h2>\n<p>Les objectifs d\u00e9crits dans <a title=\"Statuts\" href=\"http:\/\/www.touspourlasyrie.fr\/association\/statuts\/\">nos statuts<\/a> vous plaisent, notre <a title=\"R\u00e8glement int\u00e9rieur\" href=\"http:\/\/www.touspourlasyrie.fr\/association\/reglement-interieur\/\">r\u00e8glement int\u00e9rieur<\/a> vous convient ?<\/p>\n<p>Vous pouvez nous soutenir en <a title=\"Faire un don\" href=\"http:\/\/www.touspourlasyrie.fr\/faire-un-don\/\">faisant un don<\/a> mais aussi en <strong>devenant membre<\/strong> pour <strong>donner plus de sens&nbsp;\u00e0 nos actions<\/strong>&nbsp;pour la paix en Syrie. Plus nombreux, nous aurons une meilleure repr\u00e9sentation pour nos d\u00e9marches (subventions, collectes).<\/p>\n<p>\u00catre membre permet \u00e9galement d&rsquo;\u00eatre mieux inform\u00e9E de nos actions et de&nbsp;nous remonter vos id\u00e9es plus facilement !<\/p>\n<h2>Comment adh\u00e9rer ?<\/h2>\n<p><img loading=\"lazy\" decoding=\"async\" class=\"alignleft wp-image-273 size-full\" src=\"http:\/\/www.touspourlasyrie.fr\/wp-content\/uploads\/2014\/06\/TPLS-bulletin_adh\u00e9sion-miniature.png\" alt=\"miniature bulletin adh\u00e9sion\" width=\"125\" height=\"109\"><\/p>\n<ul>\n<li>t\u00e9l\u00e9chargez et imprimez <a title=\"Bulletin d'adh\u00e9sion Tous pour la Syrie\" href=\"http:\/\/www.touspourlasyrie.fr\/wp-content\/uploads\/2018\/06\/bulletin_adhesion_TPLS.pdf\">ce bulletin d&rsquo;adh\u00e9sion<\/a>&nbsp;(au format pdf)<\/li>\n<li>remplissez-le et renvoyez-le nous (voir nos <a title=\"Nous contacter\" href=\"http:\/\/www.touspourlasyrie.fr\/contact\/\">coordonn\u00e9es de&nbsp;contact<\/a>) avec le r\u00e8glement de votre cotisation<\/li>\n<\/ul>\n","protected":false},"excerpt":{"rendered":"<p>Pourquoi adh\u00e9rer ? Les objectifs d\u00e9crits dans nos statuts vous plaisent, notre r\u00e8glement int\u00e9rieur vous convient ? Vous pouvez nous soutenir en faisant un don mais aussi en devenant membre &#8230;<\/p>\n","protected":false},"author":1,"featured_media":0,"parent":10,"menu_order":2,"comment_status":"closed","ping_status":"open","template":"","meta":{"footnotes":""},"class_list":["post-272","page","type-page","status-publish","hentry"],"_links":{"self":[{"href":"https:\/\/www.touspourlasyrie.fr\/index.php?rest_route=\/wp\/v2\/pages\/272","targetHints":{"allow":["GET"]}}],"collection":[{"href":"https:\/\/www.touspourlasyrie.fr\/index.php?rest_route=\/wp\/v2\/pages"}],"about":[{"href":"https:\/\/www.touspourlasyrie.fr\/index.php?rest_route=\/wp\/v2\/types\/page"}],"author":[{"embeddable":true,"href":"https:\/\/www.touspourlasyrie.fr\/index.php?rest_route=\/wp\/v2\/users\/1"}],"replies":[{"embeddable":true,"href":"https:\/\/www.touspourlasyrie.fr\/index.php?rest_route=%2Fwp%2Fv2%2Fcomments&post=272"}],"version-history":[{"count":8,"href":"https:\/\/www.touspourlasyrie.fr\/index.php?rest_route=\/wp\/v2\/pages\/272\/revisions"}],"predecessor-version":[{"id":1989,"href":"https:\/\/www.touspourlasyrie.fr\/index.php?rest_route=\/wp\/v2\/pages\/272\/revisions\/1989"}],"up":[{"embeddable":true,"href":"https:\/\/www.touspourlasyrie.fr\/index.php?rest_route=\/wp\/v2\/pages\/10"}],"wp:attachment":[{"href":"https:\/\/www.touspourlasyrie.fr\/index.php?rest_route=%2Fwp%2Fv2%2Fmedia&parent=272"}],"curies":[{"name":"wp","href":"https:\/\/api.w.org\/{rel}","templated":true}]}}